{"id":13,"date":"2023-05-23T18:12:42","date_gmt":"2023-05-23T18:12:42","guid":{"rendered":"https:\/\/strojna-obrada-metala.hr\/?page_id=13"},"modified":"2023-05-25T21:25:55","modified_gmt":"2023-05-25T21:25:55","slug":"certificates","status":"publish","type":"page","link":"https:\/\/strojna-obrada-metala.hr\/en\/certificates\/","title":{"rendered":"Certificates"},"content":{"rendered":"<p class=\"has-medium-font-size\">Since the 1st of January 2003 <strong>we are ISO 9001 certified,<\/strong>which is the result of our efforts to provide quality to our customers.<\/p>\n\n\n\n<p class=\"has-medium-font-size\">ISO certificates are internationally recognized quality markers which show that our company has fulfilled the strict requirements of the quality management system. With this certificate we show our devotion to delivering high-quality products and services to our customers. Through years of experience and bettering ourselves we have achieved excellence in the field of metal machining.<\/p>\n\n\n\n<p class=\"has-medium-font-size\">We continue to improve ourselves the match the newest standards. Maintaining the ISO certificate reflects the amount of emphasis we put on the quality of our work and the satisfaction of our customers.<\/p>\n\n\n\n<p class=\"has-medium-font-size\">When you work with you can be sure that you will receive products made with the highest level of precision, reliability and quality. Our expert team ensures that every step in the process of metal machining is carefully carried out, while respecting the relevant standards.<\/p>\n\n\n\n<div style=\"height:26px\" aria-hidden=\"true\" class=\"wp-block-spacer\"><\/div>\n\n\n\n<figure class=\"wp-block-image aligncenter size-large\"><img fetchpriority=\"high\" decoding=\"async\" width=\"726\" height=\"1024\" src=\"https:\/\/strojna-obrada-metala.hr\/wp-content\/uploads\/2023\/05\/certificate-726x1024.jpg\" alt=\"\" class=\"wp-image-92\" srcset=\"https:\/\/strojna-obrada-metala.hr\/wp-content\/uploads\/2023\/05\/certificate-726x1024.jpg 726w, https:\/\/strojna-obrada-metala.hr\/wp-content\/uploads\/2023\/05\/certificate-213x300.jpg 213w, https:\/\/strojna-obrada-metala.hr\/wp-content\/uploads\/2023\/05\/certificate-768x1084.jpg 768w, https:\/\/strojna-obrada-metala.hr\/wp-content\/uploads\/2023\/05\/certificate-1089x1536.jpg 1089w, https:\/\/strojna-obrada-metala.hr\/wp-content\/uploads\/2023\/05\/certificate-9x12.jpg 9w, https:\/\/strojna-obrada-metala.hr\/wp-content\/uploads\/2023\/05\/certificate.jpg 1231w\" sizes=\"(max-width: 726px) 100vw, 726px\" \/><\/figure>\n\n\n\n<div style=\"height:100px\" aria-hidden=\"true\" class=\"wp-block-spacer\"><\/div>","protected":false},"excerpt":{"rendered":"<p>Od 31.01.2003. godine, posjedujemo ISO certifikat 9001, koji su rezultat na\u0161eg stalnog truda za kvalitetu. ISO certifikati su me\u0111unarodno priznate oznake kvalitete koje potvr\u0111uju da na\u0161a tvrtka ispunjava stroge zahtjeve sustava upravljanja kvalitetom. Kroz ovaj certifikat, pokazujemo na\u0161u posve\u0107enost u pru\u017eanju visokokvalitetnih proizvoda i usluga na\u0161im kupcima. Kroz godine iskustva i usavr\u0161avanja, uspjeli smo ostvariti [&hellip;]<\/p>\n","protected":false},"author":1,"featured_media":0,"parent":0,"menu_order":3,"comment_status":"closed","ping_status":"closed","template":"","meta":{"footnotes":""},"class_list":["post-13","page","type-page","status-publish","hentry"],"featured_media_urls":[],"_links":{"self":[{"href":"https:\/\/strojna-obrada-metala.hr\/en\/wp-json\/wp\/v2\/pages\/13","targetHints":{"allow":["GET"]}}],"collection":[{"href":"https:\/\/strojna-obrada-metala.hr\/en\/wp-json\/wp\/v2\/pages"}],"about":[{"href":"https:\/\/strojna-obrada-metala.hr\/en\/wp-json\/wp\/v2\/types\/page"}],"author":[{"embeddable":true,"href":"https:\/\/strojna-obrada-metala.hr\/en\/wp-json\/wp\/v2\/users\/1"}],"replies":[{"embeddable":true,"href":"https:\/\/strojna-obrada-metala.hr\/en\/wp-json\/wp\/v2\/comments?post=13"}],"version-history":[{"count":6,"href":"https:\/\/strojna-obrada-metala.hr\/en\/wp-json\/wp\/v2\/pages\/13\/revisions"}],"predecessor-version":[{"id":232,"href":"https:\/\/strojna-obrada-metala.hr\/en\/wp-json\/wp\/v2\/pages\/13\/revisions\/232"}],"wp:attachment":[{"href":"https:\/\/strojna-obrada-metala.hr\/en\/wp-json\/wp\/v2\/media?parent=13"}],"curies":[{"name":"wp","href":"https:\/\/api.w.org\/{rel}","templated":true}]}}