{"id":165,"date":"2023-05-25T18:21:05","date_gmt":"2023-05-25T18:21:05","guid":{"rendered":"https:\/\/strojna-obrada-metala.hr\/?page_id=165"},"modified":"2023-05-25T21:26:23","modified_gmt":"2023-05-25T21:26:23","slug":"o-nama","status":"publish","type":"page","link":"https:\/\/strojna-obrada-metala.hr\/en\/o-nama\/","title":{"rendered":"About us"},"content":{"rendered":"<div class=\"wp-block-group has-global-padding is-layout-constrained wp-block-group-is-layout-constrained\">\n<figure class=\"wp-block-image size-large is-resized\"><img fetchpriority=\"high\" decoding=\"async\" src=\"https:\/\/strojna-obrada-metala.hr\/wp-content\/uploads\/2023\/05\/kancelarija-edited-1024x576.jpg\" alt=\"\" class=\"wp-image-23\" width=\"997\" height=\"560\" srcset=\"https:\/\/strojna-obrada-metala.hr\/wp-content\/uploads\/2023\/05\/kancelarija-edited-1024x576.jpg 1024w, https:\/\/strojna-obrada-metala.hr\/wp-content\/uploads\/2023\/05\/kancelarija-edited-300x169.jpg 300w, https:\/\/strojna-obrada-metala.hr\/wp-content\/uploads\/2023\/05\/kancelarija-edited-768x432.jpg 768w, https:\/\/strojna-obrada-metala.hr\/wp-content\/uploads\/2023\/05\/kancelarija-edited-1536x864.jpg 1536w, https:\/\/strojna-obrada-metala.hr\/wp-content\/uploads\/2023\/05\/kancelarija-edited-2048x1152.jpg 2048w, https:\/\/strojna-obrada-metala.hr\/wp-content\/uploads\/2023\/05\/kancelarija-edited-18x10.jpg 18w, https:\/\/strojna-obrada-metala.hr\/wp-content\/uploads\/2023\/05\/kancelarija-edited-2000x1125.jpg 2000w\" sizes=\"(max-width: 997px) 100vw, 997px\" \/><\/figure>\n\n\n\n<div class=\"wp-block-columns is-layout-flex wp-container-core-columns-is-layout-28f84493 wp-block-columns-is-layout-flex\">\n<div class=\"wp-block-column is-layout-flow wp-block-column-is-layout-flow\">\n<p class=\"has-medium-font-size\" style=\"line-height:1.5\">The start of our business dates back to 1983, when Mr. \u017deljko Kodrnja founded the company under the name \"Metalna galanterija\". With changes to the law on craft activities in 1990, the company continued to operate under the name \"Strojna obrada metala Kodrnja\". The generational change in leadership happened in 1997 when the successor, Mr. Danijel Kodrnja, took on the CEO position. The re-registration of the craft and the change in leadership was officially recognized by the State administration office and the Services for economy and pension-legal affairs, Klanjec branch, on the 30th of April 1997. From that point on the company was officially in the commercial register as a craft for metal machining.<\/p>\n<\/div>\n<\/div>\n<\/div>\n\n\n\n<div style=\"height:66px\" aria-hidden=\"true\" class=\"wp-block-spacer\"><\/div>\n\n\n\n<div class=\"wp-block-group has-global-padding is-layout-constrained wp-block-group-is-layout-constrained\">\n<div class=\"wp-block-columns is-layout-flex wp-container-core-columns-is-layout-28f84493 wp-block-columns-is-layout-flex\">\n<div class=\"wp-block-column is-layout-flow wp-block-column-is-layout-flow\">\n<p class=\"has-medium-font-size\">Our craft is in full ownership of Mr. Danijel Kodrnja, and we operate in accordance with the system of double bookkeeping and income tax. We are <strong>ISO 9001 certified<\/strong> since January 2003 which shows our devotion to fulfilling the highest standards.<\/p>\n\n\n\n<p class=\"has-medium-font-size\">Our basic activity is creating a wide range of metal and non-metal products, as well as offering services for mechanical parts which are used in the automobile, medical, food, construction and oil industries. Our craft exceptionally stands out in creating highly complex machine elements and circuits, mostly on demand, individually or in small batches.<\/p>\n\n\n\n<p class=\"has-medium-font-size\">We always strive for top quality and the satisfaction of our customers. Our expert team is dedicated to offering top of the line products and services using the latest technologies and production methods. All our activities are carried out with the utmost care for details and respect for quality standards.<\/p>\n\n\n\n<p class=\"has-text-align-left has-medium-font-size\"><strong>Contact us today to start our cooperation. We will offer you customized solutions in metal machining that ill fulfill your specific needs and offer incredible results. <\/strong><\/p>\n\n\n\n<p class=\"has-text-align-left has-medium-font-size\"><strong>Your trust is our greatest motivation and we hope to have a long lasting cooperation with You.<\/strong><\/p>\n<\/div>\n\n\n\n<div class=\"wp-block-column is-layout-flow wp-block-column-is-layout-flow\">\n<figure class=\"wp-block-image size-large\"><img decoding=\"async\" width=\"1024\" height=\"768\" src=\"https:\/\/strojna-obrada-metala.hr\/wp-content\/uploads\/2023\/05\/zgrade_kuca-1024x768.jpg\" alt=\"\" class=\"wp-image-237\" srcset=\"https:\/\/strojna-obrada-metala.hr\/wp-content\/uploads\/2023\/05\/zgrade_kuca-1024x768.jpg 1024w, https:\/\/strojna-obrada-metala.hr\/wp-content\/uploads\/2023\/05\/zgrade_kuca-300x225.jpg 300w, https:\/\/strojna-obrada-metala.hr\/wp-content\/uploads\/2023\/05\/zgrade_kuca-768x576.jpg 768w, https:\/\/strojna-obrada-metala.hr\/wp-content\/uploads\/2023\/05\/zgrade_kuca-1536x1152.jpg 1536w, https:\/\/strojna-obrada-metala.hr\/wp-content\/uploads\/2023\/05\/zgrade_kuca-2048x1536.jpg 2048w, https:\/\/strojna-obrada-metala.hr\/wp-content\/uploads\/2023\/05\/zgrade_kuca-16x12.jpg 16w, https:\/\/strojna-obrada-metala.hr\/wp-content\/uploads\/2023\/05\/zgrade_kuca-600x450.jpg 600w\" sizes=\"(max-width: 1024px) 100vw, 1024px\" \/><\/figure>\n\n\n\n<figure class=\"wp-block-image size-large\"><img decoding=\"async\" width=\"1024\" height=\"768\" src=\"https:\/\/strojna-obrada-metala.hr\/wp-content\/uploads\/2023\/05\/zgrade_radionica-1024x768.jpg\" alt=\"\" class=\"wp-image-236\" srcset=\"https:\/\/strojna-obrada-metala.hr\/wp-content\/uploads\/2023\/05\/zgrade_radionica-1024x768.jpg 1024w, https:\/\/strojna-obrada-metala.hr\/wp-content\/uploads\/2023\/05\/zgrade_radionica-300x225.jpg 300w, https:\/\/strojna-obrada-metala.hr\/wp-content\/uploads\/2023\/05\/zgrade_radionica-768x576.jpg 768w, https:\/\/strojna-obrada-metala.hr\/wp-content\/uploads\/2023\/05\/zgrade_radionica-1536x1152.jpg 1536w, https:\/\/strojna-obrada-metala.hr\/wp-content\/uploads\/2023\/05\/zgrade_radionica-2048x1536.jpg 2048w, https:\/\/strojna-obrada-metala.hr\/wp-content\/uploads\/2023\/05\/zgrade_radionica-16x12.jpg 16w, https:\/\/strojna-obrada-metala.hr\/wp-content\/uploads\/2023\/05\/zgrade_radionica-600x450.jpg 600w\" sizes=\"(max-width: 1024px) 100vw, 1024px\" \/><\/figure>\n<\/div>\n<\/div>\n\n\n\n<div style=\"height:61px\" aria-hidden=\"true\" class=\"wp-block-spacer\"><\/div>\n\n\n\n<div style=\"height:100px\" aria-hidden=\"true\" class=\"wp-block-spacer\"><\/div>\n<\/div>","protected":false},"excerpt":{"rendered":"<p>Po\u010detak na\u0161eg poslovanja datira jo\u0161 u 1983. godini, kada je gospodin \u017deljko Kodrnja osnovao obrt pod nazivom \u201cMetalna galanterija\u201d.&nbsp; S&nbsp; promjenom zakona o obrtni\u010dkoj djelatnosti 1990. godine, obrt mijenja&nbsp; naziv i nastavlja poslovanje pod nazivom \u201cStrojna obrada metala&nbsp; Kodrnja\u201d. Generacijska smjena u vo\u0111enju obrta doga\u0111a se 1997. godine,&nbsp; kada obrt preuzima sin, gospodin Danijel Kodrnja, [&hellip;]<\/p>\n","protected":false},"author":1,"featured_media":0,"parent":0,"menu_order":5,"comment_status":"closed","ping_status":"closed","template":"elementor_theme","meta":{"footnotes":""},"class_list":["post-165","page","type-page","status-publish","hentry"],"featured_media_urls":[],"_links":{"self":[{"href":"https:\/\/strojna-obrada-metala.hr\/en\/wp-json\/wp\/v2\/pages\/165","targetHints":{"allow":["GET"]}}],"collection":[{"href":"https:\/\/strojna-obrada-metala.hr\/en\/wp-json\/wp\/v2\/pages"}],"about":[{"href":"https:\/\/strojna-obrada-metala.hr\/en\/wp-json\/wp\/v2\/types\/page"}],"author":[{"embeddable":true,"href":"https:\/\/strojna-obrada-metala.hr\/en\/wp-json\/wp\/v2\/users\/1"}],"replies":[{"embeddable":true,"href":"https:\/\/strojna-obrada-metala.hr\/en\/wp-json\/wp\/v2\/comments?post=165"}],"version-history":[{"count":5,"href":"https:\/\/strojna-obrada-metala.hr\/en\/wp-json\/wp\/v2\/pages\/165\/revisions"}],"predecessor-version":[{"id":238,"href":"https:\/\/strojna-obrada-metala.hr\/en\/wp-json\/wp\/v2\/pages\/165\/revisions\/238"}],"wp:attachment":[{"href":"https:\/\/strojna-obrada-metala.hr\/en\/wp-json\/wp\/v2\/media?parent=165"}],"curies":[{"name":"wp","href":"https:\/\/api.w.org\/{rel}","templated":true}]}}