{"id":13,"date":"2023-05-23T18:12:42","date_gmt":"2023-05-23T18:12:42","guid":{"rendered":"https:\/\/strojna-obrada-metala.hr\/?page_id=13"},"modified":"2023-05-25T21:25:55","modified_gmt":"2023-05-25T21:25:55","slug":"certificates","status":"publish","type":"page","link":"https:\/\/strojna-obrada-metala.hr\/hr\/certificates\/","title":{"rendered":"Certifikati"},"content":{"rendered":"\n<p class=\"has-medium-font-size\">Od 31.01.2003. godine, posjedujemo <strong>ISO certifikat 9001<\/strong>, koji su rezultat na\u0161eg stalnog truda za kvalitetu.<\/p>\n\n\n\n<p class=\"has-medium-font-size\">ISO certifikati su me\u0111unarodno priznate oznake kvalitete koje potvr\u0111uju da na\u0161a tvrtka ispunjava stroge zahtjeve sustava upravljanja kvalitetom. Kroz ovaj certifikat, pokazujemo na\u0161u posve\u0107enost u pru\u017eanju visokokvalitetnih proizvoda i usluga na\u0161im kupcima. Kroz godine iskustva i usavr\u0161avanja, uspjeli smo ostvariti izvrsnost u podru\u010dju strojne obrade metala.<\/p>\n\n\n\n<p class=\"has-medium-font-size\">Na\u0161a tvrtka nastavlja te\u017eiti kontinuiranom pobolj\u0161anju i uskla\u0111ivanju s najnovijim standardima. Odr\u017eavanje ISO certifikata odra\u017eava na\u0161u predanost kontinuiranom kvalitetnom radu i zadovoljstvu na\u0161ih kupaca.<\/p>\n\n\n\n<p class=\"has-medium-font-size\">Kada sura\u0111ujete s nama, mo\u017eete biti sigurni da \u0107ete dobiti proizvode koji su izra\u0111eni s najvi\u0161om razinom preciznosti, pouzdanosti i kvalitete. Na\u0161a stru\u010dna ekipa osigurava da svaki korak u procesu strojne obrade metala bude pa\u017eljivo proveden, po\u0161tuju\u0107i sve relevantne standarde<\/p>\n\n\n\n<div style=\"height:26px\" aria-hidden=\"true\" class=\"wp-block-spacer\"><\/div>\n\n\n\n<figure class=\"wp-block-image aligncenter size-large\"><img fetchpriority=\"high\" decoding=\"async\" width=\"726\" height=\"1024\" src=\"https:\/\/strojna-obrada-metala.hr\/wp-content\/uploads\/2023\/05\/certificate-726x1024.jpg\" alt=\"\" class=\"wp-image-92\" srcset=\"https:\/\/strojna-obrada-metala.hr\/wp-content\/uploads\/2023\/05\/certificate-726x1024.jpg 726w, https:\/\/strojna-obrada-metala.hr\/wp-content\/uploads\/2023\/05\/certificate-213x300.jpg 213w, https:\/\/strojna-obrada-metala.hr\/wp-content\/uploads\/2023\/05\/certificate-768x1084.jpg 768w, https:\/\/strojna-obrada-metala.hr\/wp-content\/uploads\/2023\/05\/certificate-1089x1536.jpg 1089w, https:\/\/strojna-obrada-metala.hr\/wp-content\/uploads\/2023\/05\/certificate-9x12.jpg 9w, https:\/\/strojna-obrada-metala.hr\/wp-content\/uploads\/2023\/05\/certificate.jpg 1231w\" sizes=\"(max-width: 726px) 100vw, 726px\" \/><\/figure>\n\n\n\n<div style=\"height:100px\" aria-hidden=\"true\" class=\"wp-block-spacer\"><\/div>\n","protected":false},"excerpt":{"rendered":"<p>Od 31.01.2003. godine, posjedujemo ISO certifikat 9001, koji su rezultat na\u0161eg stalnog truda za kvalitetu. ISO certifikati su me\u0111unarodno priznate oznake kvalitete koje potvr\u0111uju da na\u0161a tvrtka ispunjava stroge zahtjeve sustava upravljanja kvalitetom. Kroz ovaj certifikat, pokazujemo na\u0161u posve\u0107enost u pru\u017eanju visokokvalitetnih proizvoda i usluga na\u0161im kupcima. Kroz godine iskustva i usavr\u0161avanja, uspjeli smo ostvariti [&hellip;]<\/p>\n","protected":false},"author":1,"featured_media":0,"parent":0,"menu_order":3,"comment_status":"closed","ping_status":"closed","template":"","meta":{"footnotes":""},"class_list":["post-13","page","type-page","status-publish","hentry"],"featured_media_urls":[],"_links":{"self":[{"href":"https:\/\/strojna-obrada-metala.hr\/hr\/wp-json\/wp\/v2\/pages\/13","targetHints":{"allow":["GET"]}}],"collection":[{"href":"https:\/\/strojna-obrada-metala.hr\/hr\/wp-json\/wp\/v2\/pages"}],"about":[{"href":"https:\/\/strojna-obrada-metala.hr\/hr\/wp-json\/wp\/v2\/types\/page"}],"author":[{"embeddable":true,"href":"https:\/\/strojna-obrada-metala.hr\/hr\/wp-json\/wp\/v2\/users\/1"}],"replies":[{"embeddable":true,"href":"https:\/\/strojna-obrada-metala.hr\/hr\/wp-json\/wp\/v2\/comments?post=13"}],"version-history":[{"count":6,"href":"https:\/\/strojna-obrada-metala.hr\/hr\/wp-json\/wp\/v2\/pages\/13\/revisions"}],"predecessor-version":[{"id":232,"href":"https:\/\/strojna-obrada-metala.hr\/hr\/wp-json\/wp\/v2\/pages\/13\/revisions\/232"}],"wp:attachment":[{"href":"https:\/\/strojna-obrada-metala.hr\/hr\/wp-json\/wp\/v2\/media?parent=13"}],"curies":[{"name":"wp","href":"https:\/\/api.w.org\/{rel}","templated":true}]}}