{"id":165,"date":"2023-05-25T18:21:05","date_gmt":"2023-05-25T18:21:05","guid":{"rendered":"https:\/\/strojna-obrada-metala.hr\/?page_id=165"},"modified":"2023-05-25T21:26:23","modified_gmt":"2023-05-25T21:26:23","slug":"o-nama","status":"publish","type":"page","link":"https:\/\/strojna-obrada-metala.hr\/hr\/o-nama\/","title":{"rendered":"O nama"},"content":{"rendered":"\n<div class=\"wp-block-group has-global-padding is-layout-constrained wp-block-group-is-layout-constrained\">\n<figure class=\"wp-block-image size-large is-resized\"><img fetchpriority=\"high\" decoding=\"async\" src=\"https:\/\/strojna-obrada-metala.hr\/wp-content\/uploads\/2023\/05\/kancelarija-edited-1024x576.jpg\" alt=\"\" class=\"wp-image-23\" width=\"997\" height=\"560\" srcset=\"https:\/\/strojna-obrada-metala.hr\/wp-content\/uploads\/2023\/05\/kancelarija-edited-1024x576.jpg 1024w, https:\/\/strojna-obrada-metala.hr\/wp-content\/uploads\/2023\/05\/kancelarija-edited-300x169.jpg 300w, https:\/\/strojna-obrada-metala.hr\/wp-content\/uploads\/2023\/05\/kancelarija-edited-768x432.jpg 768w, https:\/\/strojna-obrada-metala.hr\/wp-content\/uploads\/2023\/05\/kancelarija-edited-1536x864.jpg 1536w, https:\/\/strojna-obrada-metala.hr\/wp-content\/uploads\/2023\/05\/kancelarija-edited-2048x1152.jpg 2048w, https:\/\/strojna-obrada-metala.hr\/wp-content\/uploads\/2023\/05\/kancelarija-edited-18x10.jpg 18w, https:\/\/strojna-obrada-metala.hr\/wp-content\/uploads\/2023\/05\/kancelarija-edited-2000x1125.jpg 2000w\" sizes=\"(max-width: 997px) 100vw, 997px\" \/><\/figure>\n\n\n\n<div class=\"wp-block-columns is-layout-flex wp-container-core-columns-is-layout-28f84493 wp-block-columns-is-layout-flex\">\n<div class=\"wp-block-column is-layout-flow wp-block-column-is-layout-flow\">\n<p class=\"has-medium-font-size\" style=\"line-height:1.5\">Po\u010detak na\u0161eg poslovanja datira jo\u0161 u 1983. godini, kada je gospodin \u017deljko Kodrnja osnovao obrt pod nazivom \u201cMetalna galanterija\u201d.&nbsp; S&nbsp; promjenom zakona o obrtni\u010dkoj djelatnosti 1990. godine, obrt mijenja&nbsp; naziv i nastavlja poslovanje pod nazivom \u201cStrojna obrada metala&nbsp; Kodrnja\u201d. Generacijska smjena u vo\u0111enju obrta doga\u0111a se 1997. godine,&nbsp; kada obrt preuzima sin, gospodin Danijel Kodrnja, te&nbsp; nastavlja razvijati poslovanje. Preregistracija obrta i promjena&nbsp; vlasni\u0161tva slu\u017ebeno su provedene 30.04.1997. godine, temeljem rje\u0161enja&nbsp; Ureda dr\u017eavne uprave, Slu\u017ebe za gospodarstvo i mirovinsko-pravne&nbsp; poslove, Ispostave Klanjec, upisom u obrtni registar kao zanatska radnja&nbsp; za strojnu obradu metala.<\/p>\n<\/div>\n<\/div>\n<\/div>\n\n\n\n<div style=\"height:66px\" aria-hidden=\"true\" class=\"wp-block-spacer\"><\/div>\n\n\n\n<div class=\"wp-block-group has-global-padding is-layout-constrained wp-block-group-is-layout-constrained\">\n<div class=\"wp-block-columns is-layout-flex wp-container-core-columns-is-layout-28f84493 wp-block-columns-is-layout-flex\">\n<div class=\"wp-block-column is-layout-flow wp-block-column-is-layout-flow\">\n<p class=\"has-medium-font-size\">Na\u0161 obrt je u potpunom vlasni\u0161tvu gospodina Danijela Kodrnje, a poslujemo u skladu sa sustavom dvojnog knjigovodstva i poreza na dobit. Posjedujemo i <strong>ISO certifikat \u201cISO 9001\u201d<\/strong> od sije\u010dnja 2003. godine, \u0161to potvr\u0111uje na\u0161u predanost kvaliteti i ispunjavanju najvi\u0161ih standarda.<\/p>\n\n\n\n<p class=\"has-medium-font-size\">Na\u0161a osnovna djelatnost je strojna izrada \u0161irokog asortimana dijelova i sklopova od metala i nemetala, kao i pru\u017eanje usluga servisa za mehani\u010dke dijelove koji se koriste u prometnoj, medicinskoj, prehrambenoj, gra\u0111evinskoj i naftnoj industriji. Na\u0161 obrt se posebno isti\u010de u proizvodnji slo\u017eenih strojnih elemenata i sklopova, uglavnom po narud\u017ebi, individualno ili u malim serijama.<\/p>\n\n\n\n<p class=\"has-medium-font-size\">Uvijek te\u017eimo vrhunskoj kvaliteti i zadovoljstvu na\u0161ih kupaca. Na\u0161 stru\u010dni tim posve\u0107en je pru\u017eanju visoko kvalitetnih proizvoda i usluga, koriste\u0107i najnapredniju tehnologiju i pristup proizvodnji. Sve na\u0161e aktivnosti provodimo s posebnom pa\u017enjom prema detaljima i strogo po\u0161tuju\u0107i standarde kvalitete.<\/p>\n\n\n\n<p class=\"has-text-align-left has-medium-font-size\"><strong>Kontaktirajte nas danas kako bismo razgovarali o va\u0161im zahtjevima. Pru\u017eit \u0107emo vam prilago\u0111ena rje\u0161enja strojne obrade metala koja \u0107e ispuniti va\u0161e specifi\u010dne potrebe i pru\u017eiti izvanredne rezultate. <\/strong><\/p>\n\n\n\n<p class=\"has-text-align-left has-medium-font-size\"><strong>Va\u0161e povjerenje je na\u0161a najve\u0107a motivacija, i veselimo se dugoro\u010dnoj suradnji s Vama.<\/strong><\/p>\n<\/div>\n\n\n\n<div class=\"wp-block-column is-layout-flow wp-block-column-is-layout-flow\">\n<figure class=\"wp-block-image size-large\"><img decoding=\"async\" width=\"1024\" height=\"768\" src=\"https:\/\/strojna-obrada-metala.hr\/wp-content\/uploads\/2023\/05\/zgrade_kuca-1024x768.jpg\" alt=\"\" class=\"wp-image-237\" srcset=\"https:\/\/strojna-obrada-metala.hr\/wp-content\/uploads\/2023\/05\/zgrade_kuca-1024x768.jpg 1024w, https:\/\/strojna-obrada-metala.hr\/wp-content\/uploads\/2023\/05\/zgrade_kuca-300x225.jpg 300w, https:\/\/strojna-obrada-metala.hr\/wp-content\/uploads\/2023\/05\/zgrade_kuca-768x576.jpg 768w, https:\/\/strojna-obrada-metala.hr\/wp-content\/uploads\/2023\/05\/zgrade_kuca-1536x1152.jpg 1536w, https:\/\/strojna-obrada-metala.hr\/wp-content\/uploads\/2023\/05\/zgrade_kuca-2048x1536.jpg 2048w, https:\/\/strojna-obrada-metala.hr\/wp-content\/uploads\/2023\/05\/zgrade_kuca-16x12.jpg 16w, https:\/\/strojna-obrada-metala.hr\/wp-content\/uploads\/2023\/05\/zgrade_kuca-600x450.jpg 600w\" sizes=\"(max-width: 1024px) 100vw, 1024px\" \/><\/figure>\n\n\n\n<figure class=\"wp-block-image size-large\"><img decoding=\"async\" width=\"1024\" height=\"768\" src=\"https:\/\/strojna-obrada-metala.hr\/wp-content\/uploads\/2023\/05\/zgrade_radionica-1024x768.jpg\" alt=\"\" class=\"wp-image-236\" srcset=\"https:\/\/strojna-obrada-metala.hr\/wp-content\/uploads\/2023\/05\/zgrade_radionica-1024x768.jpg 1024w, https:\/\/strojna-obrada-metala.hr\/wp-content\/uploads\/2023\/05\/zgrade_radionica-300x225.jpg 300w, https:\/\/strojna-obrada-metala.hr\/wp-content\/uploads\/2023\/05\/zgrade_radionica-768x576.jpg 768w, https:\/\/strojna-obrada-metala.hr\/wp-content\/uploads\/2023\/05\/zgrade_radionica-1536x1152.jpg 1536w, https:\/\/strojna-obrada-metala.hr\/wp-content\/uploads\/2023\/05\/zgrade_radionica-2048x1536.jpg 2048w, https:\/\/strojna-obrada-metala.hr\/wp-content\/uploads\/2023\/05\/zgrade_radionica-16x12.jpg 16w, https:\/\/strojna-obrada-metala.hr\/wp-content\/uploads\/2023\/05\/zgrade_radionica-600x450.jpg 600w\" sizes=\"(max-width: 1024px) 100vw, 1024px\" \/><\/figure>\n<\/div>\n<\/div>\n\n\n\n<div style=\"height:61px\" aria-hidden=\"true\" class=\"wp-block-spacer\"><\/div>\n\n\n\n<div style=\"height:100px\" aria-hidden=\"true\" class=\"wp-block-spacer\"><\/div>\n<\/div>\n","protected":false},"excerpt":{"rendered":"<p>Po\u010detak na\u0161eg poslovanja datira jo\u0161 u 1983. godini, kada je gospodin \u017deljko Kodrnja osnovao obrt pod nazivom \u201cMetalna galanterija\u201d.&nbsp; S&nbsp; promjenom zakona o obrtni\u010dkoj djelatnosti 1990. godine, obrt mijenja&nbsp; naziv i nastavlja poslovanje pod nazivom \u201cStrojna obrada metala&nbsp; Kodrnja\u201d. Generacijska smjena u vo\u0111enju obrta doga\u0111a se 1997. godine,&nbsp; kada obrt preuzima sin, gospodin Danijel Kodrnja, [&hellip;]<\/p>\n","protected":false},"author":1,"featured_media":0,"parent":0,"menu_order":5,"comment_status":"closed","ping_status":"closed","template":"elementor_theme","meta":{"footnotes":""},"class_list":["post-165","page","type-page","status-publish","hentry"],"featured_media_urls":[],"_links":{"self":[{"href":"https:\/\/strojna-obrada-metala.hr\/hr\/wp-json\/wp\/v2\/pages\/165","targetHints":{"allow":["GET"]}}],"collection":[{"href":"https:\/\/strojna-obrada-metala.hr\/hr\/wp-json\/wp\/v2\/pages"}],"about":[{"href":"https:\/\/strojna-obrada-metala.hr\/hr\/wp-json\/wp\/v2\/types\/page"}],"author":[{"embeddable":true,"href":"https:\/\/strojna-obrada-metala.hr\/hr\/wp-json\/wp\/v2\/users\/1"}],"replies":[{"embeddable":true,"href":"https:\/\/strojna-obrada-metala.hr\/hr\/wp-json\/wp\/v2\/comments?post=165"}],"version-history":[{"count":5,"href":"https:\/\/strojna-obrada-metala.hr\/hr\/wp-json\/wp\/v2\/pages\/165\/revisions"}],"predecessor-version":[{"id":238,"href":"https:\/\/strojna-obrada-metala.hr\/hr\/wp-json\/wp\/v2\/pages\/165\/revisions\/238"}],"wp:attachment":[{"href":"https:\/\/strojna-obrada-metala.hr\/hr\/wp-json\/wp\/v2\/media?parent=165"}],"curies":[{"name":"wp","href":"https:\/\/api.w.org\/{rel}","templated":true}]}}